{"id":10,"date":"2023-04-21T23:01:26","date_gmt":"2023-04-21T21:01:26","guid":{"rendered":"https:\/\/jumppark.dev.appcraft.pl\/mielec\/urodziny\/"},"modified":"2024-04-22T22:36:23","modified_gmt":"2024-04-22T20:36:23","slug":"urodziny","status":"publish","type":"page","link":"https:\/\/jumppark.dev.appcraft.pl\/mielec\/urodziny\/","title":{"rendered":"Urodziny"},"content":{"rendered":"\n<div class=\"wp-block-blockstrap-blockstrap-widget-container undefined mb-3 pt-5 row\">\n<div class=\"wp-block-blockstrap-blockstrap-widget-container undefined mb-3 col\">\n<h2 class=\"wp-block-heading has-text-align-center\">Najlepsze urodziny w Mielcu<\/h2>\n\n\n\n<hr class=\"wp-block-separator has-alpha-channel-opacity\"\/>\n\n\n\n<div style=\"height:40px\" aria-hidden=\"true\" class=\"wp-block-spacer\"><\/div>\n\n\n\n<p class=\"has-text-align-center\">Dobra impreza urodzinowa to taka, kt\u00f3r\u0105 si\u0119 wspomina.<br>A w GOjump MEGAPARK wiemy co zrobi\u0107 \u017ceby solenizant i go\u015bcie na d\u0142ugo zapami\u0119tali te NAJWA\u017bNIEJSZE URODZINY!<br>U nas liczy si\u0119 zabawa, aktywno\u015b\u0107 fizyczna i super zajawka z Trenerami.<br>Organizujemy najfajniesze urodziny dla dzieci ju\u017c od 4 roku \u017cycia!<\/p>\n\n\n\n<div class=\"wp-block-blockstrap-blockstrap-widget-container undefined mb-3 container\">\n<div class=\"wp-block-columns is-layout-flex wp-container-core-columns-is-layout-9d6595d7 wp-block-columns-is-layout-flex\">\n<div class=\"wp-block-column is-vertically-aligned-stretch is-layout-flow wp-block-column-is-layout-flow\" style=\"flex-basis:35%\"><figure class=\"wp-block-post-featured-image\"><img loading=\"lazy\" decoding=\"async\" width=\"430\" height=\"787\" src=\"https:\/\/jumppark.dev.appcraft.pl\/mielec\/wp-content\/uploads\/sites\/2\/2024\/04\/birthday-girl-1.jpg\" class=\"attachment-post-thumbnail size-post-thumbnail wp-post-image\" alt=\"\" style=\"object-fit:cover;\" srcset=\"https:\/\/jumppark.dev.appcraft.pl\/mielec\/wp-content\/uploads\/sites\/2\/2024\/04\/birthday-girl-1.jpg 430w, https:\/\/jumppark.dev.appcraft.pl\/mielec\/wp-content\/uploads\/sites\/2\/2024\/04\/birthday-girl-1-164x300.jpg 164w\" sizes=\"auto, (max-width: 430px) 100vw, 430px\" \/><\/figure><\/div>\n\n\n\n<div class=\"wp-block-column is-layout-flow wp-block-column-is-layout-flow\" style=\"flex-basis:5%\"><\/div>\n\n\n\n<div class=\"wp-block-column is-vertically-aligned-stretch is-layout-flow wp-block-column-is-layout-flow\" style=\"flex-basis:60%\">\n<div class=\"wp-block-blockstrap-blockstrap-widget-container undefined mb-3 col-auto d-flex col justify-content-end align-items-center order-1\">\n<figure class=\"wp-block-gallery has-nested-images columns-2 is-cropped birthday-gallery wp-block-gallery-2 is-layout-flex wp-block-gallery-is-layout-flex\">\n<figure class=\"wp-block-image size-full is-style-default\"><img loading=\"lazy\" decoding=\"async\" width=\"325\" height=\"321\" data-id=\"230\" src=\"https:\/\/jumppark.dev.appcraft.pl\/mielec\/wp-content\/uploads\/sites\/2\/2024\/04\/birthday-1-1.jpg\" alt=\"\" class=\"wp-image-230\" srcset=\"https:\/\/jumppark.dev.appcraft.pl\/mielec\/wp-content\/uploads\/sites\/2\/2024\/04\/birthday-1-1.jpg 325w, https:\/\/jumppark.dev.appcraft.pl\/mielec\/wp-content\/uploads\/sites\/2\/2024\/04\/birthday-1-1-300x296.jpg 300w\" sizes=\"auto, (max-width: 325px) 100vw, 325px\" \/><\/figure>\n\n\n\n<figure class=\"wp-block-image size-full\"><img loading=\"lazy\" decoding=\"async\" width=\"321\" height=\"321\" data-id=\"227\" src=\"https:\/\/jumppark.dev.appcraft.pl\/mielec\/wp-content\/uploads\/sites\/2\/2024\/04\/birthday-2-1.jpg\" alt=\"\" class=\"wp-image-227\" srcset=\"https:\/\/jumppark.dev.appcraft.pl\/mielec\/wp-content\/uploads\/sites\/2\/2024\/04\/birthday-2-1.jpg 321w, https:\/\/jumppark.dev.appcraft.pl\/mielec\/wp-content\/uploads\/sites\/2\/2024\/04\/birthday-2-1-300x300.jpg 300w, https:\/\/jumppark.dev.appcraft.pl\/mielec\/wp-content\/uploads\/sites\/2\/2024\/04\/birthday-2-1-150x150.jpg 150w\" sizes=\"auto, (max-width: 321px) 100vw, 321px\" \/><\/figure>\n\n\n\n<figure class=\"wp-block-image size-full\"><img loading=\"lazy\" decoding=\"async\" width=\"322\" height=\"322\" data-id=\"229\" src=\"https:\/\/jumppark.dev.appcraft.pl\/mielec\/wp-content\/uploads\/sites\/2\/2024\/04\/birthday-3-1.jpg\" alt=\"\" class=\"wp-image-229\" srcset=\"https:\/\/jumppark.dev.appcraft.pl\/mielec\/wp-content\/uploads\/sites\/2\/2024\/04\/birthday-3-1.jpg 322w, https:\/\/jumppark.dev.appcraft.pl\/mielec\/wp-content\/uploads\/sites\/2\/2024\/04\/birthday-3-1-300x300.jpg 300w, https:\/\/jumppark.dev.appcraft.pl\/mielec\/wp-content\/uploads\/sites\/2\/2024\/04\/birthday-3-1-150x150.jpg 150w\" sizes=\"auto, (max-width: 322px) 100vw, 322px\" \/><\/figure>\n\n\n\n<figure class=\"wp-block-image size-full\"><img loading=\"lazy\" decoding=\"async\" width=\"321\" height=\"321\" data-id=\"228\" src=\"https:\/\/jumppark.dev.appcraft.pl\/mielec\/wp-content\/uploads\/sites\/2\/2024\/04\/birthday-4-1.jpg\" alt=\"\" class=\"wp-image-228\" srcset=\"https:\/\/jumppark.dev.appcraft.pl\/mielec\/wp-content\/uploads\/sites\/2\/2024\/04\/birthday-4-1.jpg 321w, https:\/\/jumppark.dev.appcraft.pl\/mielec\/wp-content\/uploads\/sites\/2\/2024\/04\/birthday-4-1-300x300.jpg 300w, https:\/\/jumppark.dev.appcraft.pl\/mielec\/wp-content\/uploads\/sites\/2\/2024\/04\/birthday-4-1-150x150.jpg 150w\" sizes=\"auto, (max-width: 321px) 100vw, 321px\" \/><\/figure>\n<\/figure>\n<\/div>\n<\/div>\n<\/div>\n<\/div>\n\n\n\n<div style=\"height:100px\" aria-hidden=\"true\" class=\"wp-block-spacer\"><\/div>\n<\/div>\n<\/div>\n\n\n\n<div class=\"wp-block-blockstrap-blockstrap-widget-container undefined mb-3 pt-9 pb-4 bg-gray row\">\n<div class=\"wp-block-blockstrap-blockstrap-widget-container undefined mb-3 col position-relative\">\n<div class=\"wp-block-blockstrap-blockstrap-widget-container undefined mb-3 container position-relative\">\n<div class=\"wp-block-blockstrap-blockstrap-widget-container undefined mb-3 row position-relative\">\n<div class=\"wp-block-blockstrap-blockstrap-widget-container undefined me-auto mb-3 ms-auto col-auto col-md-auto col-lg-7 col\">\n<figure class=\"wp-block-flexible-table-block-table alignfull is-scroll-on-mobile birthday-table\"><table class=\"is-stacked-on-mobile\" style=\"max-width:none\"><thead><tr><th style=\"text-align:left;color:#ffffff;background-color:#1372f9;border-radius-top:6px;border-top-left-radius:6px;border-color:transparent;padding:1em 2em\">Pakiety urodzinowe<\/th><th style=\"width:15%;color:#ffffff;background-color:#1372f9;border-color:transparent\">Mini<\/th><th style=\"width:15%;color:#ffffff;background-color:#1372f9;border-color:transparent\">Standard<\/th><th style=\"width:15%;color:#ffffff;background-color:#1372f9;border-radius-top:6px;border-top-right-radius:6px;border-color:transparent\">Vip<\/th><\/tr><\/thead><tbody><tr><td style=\"text-align:left;border-color:#f3f3f3;padding:1em 2em\"><strong>Ilo\u015b\u0107 os\u00f3b (wraz z Solenizantem)<\/strong><\/td><td style=\"width:15%;border-color:#f3f3f3;background-color:#c6dcfc;padding:20px\">6<\/td><td style=\"width:15%;border-color:#f3f3f3;background-color:#b1d0fb;padding:20px\">10<\/td><td style=\"width:15%;border-color:#f3f3f3;background-color:#8cb3eb;padding:20px\">10<\/td><\/tr><tr><td style=\"text-align:left;border-color:#f3f3f3;padding:1em 2em\"><strong>Czas trwania imprezy<\/strong><\/td><td style=\"width:15%;border-color:#f3f3f3;background-color:#c6dcfc;padding:20px\">2h<\/td><td style=\"width:15%;border-color:#f3f3f3;background-color:#b1d0fb;padding:20px\">2h<\/td><td style=\"width:15%;border-color:#f3f3f3;background-color:#8cb3eb;padding:20px\">2h<\/td><\/tr><tr><td style=\"text-align:left;border-color:#f3f3f3;padding:1em 2em\"><strong>Zabawa na terenie ca\u0142ego parku<\/strong><\/td><td style=\"width:15%;padding:10px;border-color:#f3f3f3;background-color:#c6dcfc\"><img decoding=\"async\" class=\"wp-image-287\" style=\"width: 42px;\" src=\"https:\/\/jumppark.dev.appcraft.pl\/mielec\/wp-content\/uploads\/sites\/2\/2024\/04\/birthday-included.png\" alt=\"\"><\/td><td style=\"width:15%;padding:10px;border-color:#f3f3f3;background-color:#b1d0fb\"><img loading=\"lazy\" decoding=\"async\" width=\"42\" height=\"42\" class=\"wp-image-290\" style=\"width: 42px;\" src=\"https:\/\/jumppark.dev.appcraft.pl\/mielec\/wp-content\/uploads\/sites\/2\/2024\/04\/birthday-included.png\" alt=\"\"><\/td><td style=\"width:15%;padding:10px;border-color:#f3f3f3;background-color:#8cb3eb\"><img loading=\"lazy\" decoding=\"async\" width=\"42\" height=\"42\" class=\"wp-image-290\" style=\"width: 42px;\" src=\"https:\/\/jumppark.dev.appcraft.pl\/mielec\/wp-content\/uploads\/sites\/2\/2024\/04\/birthday-included.png\" alt=\"\"><\/td><\/tr><tr><td style=\"text-align:left;border-color:#f3f3f3;padding:1em 2em\"><strong>Opieka profesjonalnego trenera\/animatora<\/strong><\/td><td style=\"width:15%;border-color:#f3f3f3;padding:10px;background-color:#c6dcfc\"><img loading=\"lazy\" decoding=\"async\" width=\"42\" height=\"42\" class=\"wp-image-290\" style=\"width: 42px;\" src=\"https:\/\/jumppark.dev.appcraft.pl\/mielec\/wp-content\/uploads\/sites\/2\/2024\/04\/birthday-included.png\" alt=\"\"><\/td><td style=\"width:15%;border-color:#f3f3f3;padding:10px;background-color:#b1d0fb\"><img loading=\"lazy\" decoding=\"async\" width=\"42\" height=\"42\" class=\"wp-image-290\" style=\"width: 42px;\" src=\"https:\/\/jumppark.dev.appcraft.pl\/mielec\/wp-content\/uploads\/sites\/2\/2024\/04\/birthday-included.png\" alt=\"\"><\/td><td style=\"width:15%;border-color:#f3f3f3;padding:10px;background-color:#8cb3eb\"><img loading=\"lazy\" decoding=\"async\" width=\"42\" height=\"42\" class=\"wp-image-290\" style=\"width: 42px;\" src=\"https:\/\/jumppark.dev.appcraft.pl\/mielec\/wp-content\/uploads\/sites\/2\/2024\/04\/birthday-included.png\" alt=\"\"><\/td><\/tr><tr><td style=\"text-align:left;border-color:#f3f3f3;padding:1em 2em\"><strong>Salka urodzinowa na wy\u0142\u0105czno\u015b\u0107<\/strong><\/td><td style=\"width:15%;padding:10px;border-color:#f3f3f3;background-color:#c6dcfc\"><img loading=\"lazy\" decoding=\"async\" width=\"42\" height=\"42\" class=\"wp-image-290\" style=\"width: 42px;\" src=\"https:\/\/jumppark.dev.appcraft.pl\/mielec\/wp-content\/uploads\/sites\/2\/2024\/04\/birthday-included.png\" alt=\"\"><\/td><td style=\"width:15%;padding:10px;border-color:#f3f3f3;background-color:#b1d0fb\"><img loading=\"lazy\" decoding=\"async\" width=\"42\" height=\"42\" class=\"wp-image-290\" style=\"width: 42px;\" src=\"https:\/\/jumppark.dev.appcraft.pl\/mielec\/wp-content\/uploads\/sites\/2\/2024\/04\/birthday-included.png\" alt=\"\"><\/td><td style=\"width:15%;padding:10px;border-color:#f3f3f3;background-color:#8cb3eb\"><img loading=\"lazy\" decoding=\"async\" width=\"42\" height=\"42\" class=\"wp-image-290\" style=\"width: 42px;\" src=\"https:\/\/jumppark.dev.appcraft.pl\/mielec\/wp-content\/uploads\/sites\/2\/2024\/04\/birthday-included.png\" alt=\"\"><\/td><\/tr><\/tbody><\/table><\/figure>\n<\/div>\n<\/div>\n<\/div>\n<\/div>\n<\/div>\n","protected":false},"excerpt":{"rendered":"","protected":false},"author":1,"featured_media":209,"parent":0,"menu_order":0,"comment_status":"closed","ping_status":"closed","template":"page-full.php","meta":{"footnotes":""},"class_list":["post-10","page","type-page","status-publish","has-post-thumbnail","hentry"],"_links":{"self":[{"href":"https:\/\/jumppark.dev.appcraft.pl\/mielec\/wp-json\/wp\/v2\/pages\/10","targetHints":{"allow":["GET"]}}],"collection":[{"href":"https:\/\/jumppark.dev.appcraft.pl\/mielec\/wp-json\/wp\/v2\/pages"}],"about":[{"href":"https:\/\/jumppark.dev.appcraft.pl\/mielec\/wp-json\/wp\/v2\/types\/page"}],"author":[{"embeddable":true,"href":"https:\/\/jumppark.dev.appcraft.pl\/mielec\/wp-json\/wp\/v2\/users\/1"}],"replies":[{"embeddable":true,"href":"https:\/\/jumppark.dev.appcraft.pl\/mielec\/wp-json\/wp\/v2\/comments?post=10"}],"version-history":[{"count":233,"href":"https:\/\/jumppark.dev.appcraft.pl\/mielec\/wp-json\/wp\/v2\/pages\/10\/revisions"}],"predecessor-version":[{"id":592,"href":"https:\/\/jumppark.dev.appcraft.pl\/mielec\/wp-json\/wp\/v2\/pages\/10\/revisions\/592"}],"wp:featuredmedia":[{"embeddable":true,"href":"https:\/\/jumppark.dev.appcraft.pl\/mielec\/wp-json\/wp\/v2\/media\/209"}],"wp:attachment":[{"href":"https:\/\/jumppark.dev.appcraft.pl\/mielec\/wp-json\/wp\/v2\/media?parent=10"}],"curies":[{"name":"wp","href":"https:\/\/api.w.org\/{rel}","templated":true}]}}